{"id":56,"date":"2025-07-11T17:21:25","date_gmt":"2025-07-11T17:21:25","guid":{"rendered":"http:\/\/www.kenayhaliyikama.com.tr\/?page_id=56"},"modified":"2025-07-16T16:02:26","modified_gmt":"2025-07-16T16:02:26","slug":"hizmet-bolgelerimiz","status":"publish","type":"page","link":"https:\/\/www.kenayhaliyikama.com.tr\/?page_id=56","title":{"rendered":"Hizmet B\u00f6lgelerimiz"},"content":{"rendered":"\n<h2 class=\"wp-block-heading\">YILDIRIM<\/h2>\n\n\n\n<ul class=\"wp-block-list\">\n<li><a href=\"https:\/\/www.kenayhaliyikama.com.tr\/?page_id=56\" data-type=\"page\" data-id=\"56\">152 Evler,\u00a075. Y\u0131l,\u00a0Ak\u00e7a\u011flayan,\u00a0Anadolu,\u00a0Arabayata\u011f\u0131,\u00a0Ba\u011flaralt\u0131,\u00a0Balaban,\u00a0Baruthane,\u00a0Beyaz\u0131t,\u00a0\u00c7\u0131nar\u00f6n\u00fc,\u00a0Cumal\u0131k\u0131z\u0131k,\u00a0Davutdede,\u00a0Davutkad\u0131,\u00a0De\u011firmenlik\u0131z\u0131k,\u00a0De\u011firmen\u00f6n\u00fc,\u00a0Demetevler,\u00a0Dua\u00e7\u0131nar\u0131,\u00a0E\u011fitim,\u00a0Emirsultan,\u00a0Erikli,\u00a0Ertu\u011frulgazi,\u00a0Esenevler,\u00a0Fidyek\u0131z\u0131k,\u00a0G\u00fcll\u00fck,\u00a0Hac\u0131seyfettin,\u00a0Hacivat,\u00a0Hamaml\u0131k\u0131z\u0131k,\u00a0Hocata\u015fk\u0131n,\u00a0\u0130sabey,\u00a0Kapl\u0131kaya,\u00a0Karaa\u011fa\u00e7,\u00a0Karamazak,\u00a0Karap\u0131nar,\u00a0Kaz\u0131mkarabekir,\u00a0Kurto\u011flu,\u00a0Maltepe,\u00a0Mehmetakifersoy,\u00a0Mevlana,\u00a0Meydanc\u0131k,\u00a0Millet,\u00a0Mimarsinan,\u00a0Mollaarap,\u00a0Musababa,\u00a0Namazgah,\u00a0Ortaba\u011flar,\u00a0Piremir,\u00a0Samanl\u0131,\u00a0Sel\u00e7ukbey,\u00a0Selimzade,\u00a0S\u0131racevizler,\u00a0Sinandede,\u00a0Siteler,\u00a0\u015eirinevler,\u00a0\u015e\u00fckraniye,\u00a0Teferr\u00fc\u00e7,\u00a0Ulus,\u00a0Umurbey,\u00a0Vak\u0131f,\u00a0Vatan,\u00a0Yavuzselim,\u00a0Yediselviler,\u00a0Yenimahalle,\u00a0Ye\u015fil, Ye\u015filevler,\u00a0Ye\u015filyayla,\u00a0Y\u0131ld\u0131r\u0131m,\u00a0Yi\u011fitler,\u00a0Yunusemre,\u00a0Z\u00fcmr\u00fctevler.<\/a><\/li>\n<\/ul>\n\n\n\n<h2 class=\"wp-block-heading\">OSMANGAZ\u0130<\/h2>\n\n\n\n<ul class=\"wp-block-list\">\n<li>Adalet, Ahmetpa\u015fa, Akp\u0131nar, Aktarh\u00fcssam, Alaaddin, Alacah\u0131rka, Alacamescit, Ala\u015fark\u00f6y, Alemdar, Alipa\u015fa, Alt\u0131nova, Alt\u0131parmak, Armutk\u00f6y, At\u0131c\u0131lar, Ba\u011flarba\u015f\u0131, Bahar, Ba\u015faran, \u00c7ekirge, \u00c7eltikk\u00f6y, \u00c7\u0131rpan, \u00c7iftehavuzlar, \u00c7iri\u015fhane, \u00c7ukurcak\u00f6y, Demirkap\u0131, Demirta\u015fpa\u015fa, Dere\u00e7avu\u015fk\u00f6y, Dikkald\u0131r\u0131m, Dobruca, Do\u011fanbey, Do\u011fanevler, Ebuiskak, Elmasbah\u00e7eler , Fatih, Gaziakdemir, Ge\u00e7it, G\u00fclbah\u00e7e, G\u00fcndo\u011fdu, G\u00fcne\u015ftepe, Hac\u0131ilyas, Hamitler, Hamzabey, Hocahasan, H\u00fcdavendigar, H\u00fcrriyet, \u0130brahimpa\u015fa, \u0130nkaya, \u0130ntizam, \u0130smetiye, \u0130stikl\u00e2l, \u0130vazpa\u015fa, Kavakl\u0131, Kayhan, Kemer\u00e7e\u015fme, K\u0131rcaali, Kiremit\u00e7i, Kirazl\u0131, Kocanaip, Ko\u011fuk\u00e7\u0131nar, Kuru\u00e7e\u015fme, K\u00fc\u00e7\u00fckbal\u0131kl\u0131, K\u00fck\u00fcrtl\u00fc, K\u00fcpl\u00fcp\u0131nar, Maksem, Mehmet Akif, Mollafenari, Mollag\u00fcrani, Muradiye, Nalbanto\u011flu, Nam\u0131kkemal, Orhanbey, Osmangazi, Panay\u0131r, P\u0131narba\u015f\u0131, Reyhan, Sakarya, Santralgaraj, Selamet, Sel\u00e7ukhatun, Selimiye, S\u0131rame\u015feler, So\u011fanl\u0131, So\u011fukkuyu, \u015eehabettinpa\u015fa, \u015eehrek\u00fcst\u00fc, Tahtakale, Tayakad\u0131n, Tuna, Tuzpazar\u0131, Ulu, Ulu\u00e7am Veyselkarani, Yah\u015fibey, Yeniba\u011flar, Yeniceabat, Yenikaraman, Yenikent, Ye\u015filova, Yunuseli, Zafer.<\/li>\n<\/ul>\n\n\n\n<h2 class=\"wp-block-heading\">KESTEL<\/h2>\n\n\n\n<ul class=\"wp-block-list\">\n<li><a href=\"https:\/\/tr.wikipedia.org\/wiki\/Ahmet_Vefik_Pa%C5%9Fa_OSB,_Kestel\"><br><\/a><a href=\"https:\/\/www.kenayhaliyikama.com.tr\/?page_id=56\" data-type=\"page\" data-id=\"56\">Ahmet Vefik Pa\u015fa OSB<br>Ahmet Vefik Pa\u015fa<br>Esentepe<br>Kale<br>Vanimehmet<br>Yenimahalle<\/a><\/li>\n<\/ul>\n\n\n\n<h2 class=\"wp-block-heading\">G\u00dcRSU<\/h2>\n\n\n\n<p><a href=\"https:\/\/www.kenayhaliyikama.com.tr\/?page_id=56\" data-type=\"page\" data-id=\"56\">\u0130stiklal<br>Kurtulu\u015f<br>Yenido\u011fan<br>Yenido\u011fan OSB<br>Zafer<\/a><\/p>\n\n\n\n<p><\/p>\n","protected":false},"excerpt":{"rendered":"<p>YILDIRIM OSMANGAZ\u0130 KESTEL G\u00dcRSU \u0130stiklalKurtulu\u015fYenido\u011fanYenido\u011fan OSBZafer<\/p>\n","protected":false},"author":1,"featured_media":0,"parent":0,"menu_order":0,"comment_status":"closed","ping_status":"closed","template":"","meta":{"footnotes":""},"class_list":["post-56","page","type-page","status-publish","hentry"],"_links":{"self":[{"href":"https:\/\/www.kenayhaliyikama.com.tr\/index.php?rest_route=\/wp\/v2\/pages\/56","targetHints":{"allow":["GET"]}}],"collection":[{"href":"https:\/\/www.kenayhaliyikama.com.tr\/index.php?rest_route=\/wp\/v2\/pages"}],"about":[{"href":"https:\/\/www.kenayhaliyikama.com.tr\/index.php?rest_route=\/wp\/v2\/types\/page"}],"author":[{"embeddable":true,"href":"https:\/\/www.kenayhaliyikama.com.tr\/index.php?rest_route=\/wp\/v2\/users\/1"}],"replies":[{"embeddable":true,"href":"https:\/\/www.kenayhaliyikama.com.tr\/index.php?rest_route=%2Fwp%2Fv2%2Fcomments&post=56"}],"version-history":[{"count":4,"href":"https:\/\/www.kenayhaliyikama.com.tr\/index.php?rest_route=\/wp\/v2\/pages\/56\/revisions"}],"predecessor-version":[{"id":81,"href":"https:\/\/www.kenayhaliyikama.com.tr\/index.php?rest_route=\/wp\/v2\/pages\/56\/revisions\/81"}],"wp:attachment":[{"href":"https:\/\/www.kenayhaliyikama.com.tr\/index.php?rest_route=%2Fwp%2Fv2%2Fmedia&parent=56"}],"curies":[{"name":"wp","href":"https:\/\/api.w.org\/{rel}","templated":true}]}}